{"id":24,"date":"2016-03-13T17:26:35","date_gmt":"2016-03-13T17:26:35","guid":{"rendered":"http:\/\/chinashipshop.com\/?page_id=24"},"modified":"2022-09-23T09:19:29","modified_gmt":"2022-09-23T09:19:29","slug":"shop-ship-main-page","status":"publish","type":"page","link":"https:\/\/www.chinashipshop.com\/pt\/","title":{"rendered":"Home"},"content":{"rendered":"<p class=\"qtranxs-available-languages-message qtranxs-available-languages-message-pt\">Desculpe, este conte\u00fado s\u00f3 est\u00e1 dispon\u00edvel em <a href=\"https:\/\/www.chinashipshop.com\/en\/wp-json\/wp\/v2\/pages\/24\" class=\"qtranxs-available-language-link qtranxs-available-language-link-en\" title=\"English\">Ingl\u00eas (Eua)<\/a>, <a href=\"https:\/\/www.chinashipshop.com\/de\/wp-json\/wp\/v2\/pages\/24\" class=\"qtranxs-available-language-link qtranxs-available-language-link-de\" title=\"Deutsch\">Alem\u00e3o<\/a>, <a href=\"https:\/\/www.chinashipshop.com\/ar\/wp-json\/wp\/v2\/pages\/24\" class=\"qtranxs-available-language-link qtranxs-available-language-link-ar\" title=\"\u0627\u0644\u0639\u0631\u0628\u064a\u0629\">\u00c1rabe<\/a>, <a href=\"https:\/\/www.chinashipshop.com\/fr\/wp-json\/wp\/v2\/pages\/24\" class=\"qtranxs-available-language-link qtranxs-available-language-link-fr\" title=\"Fran\u00e7ais\">Franc\u00eas<\/a>, <a href=\"https:\/\/www.chinashipshop.com\/ja\/wp-json\/wp\/v2\/pages\/24\" class=\"qtranxs-available-language-link qtranxs-available-language-link-ja\" title=\"\u65e5\u672c\u8a9e\">Japon\u00eas<\/a>, <a href=\"https:\/\/www.chinashipshop.com\/es\/wp-json\/wp\/v2\/pages\/24\" class=\"qtranxs-available-language-link qtranxs-available-language-link-es\" title=\"Espa\u00f1ol\">Espanhol Europeu<\/a>, <a href=\"https:\/\/www.chinashipshop.com\/ua\/wp-json\/wp\/v2\/pages\/24\" class=\"qtranxs-available-language-link qtranxs-available-language-link-ua\" title=\"\u0423\u043a\u0440\u0430\u0457\u043d\u0441\u044c\u043a\u0430\">Ucraniano<\/a>, <a href=\"https:\/\/www.chinashipshop.com\/ru\/wp-json\/wp\/v2\/pages\/24\" class=\"qtranxs-available-language-link qtranxs-available-language-link-ru\" title=\"\u0420\u0443\u0441\u0441\u043a\u0438\u0439\">Russo<\/a> e <a href=\"https:\/\/www.chinashipshop.com\/he\/wp-json\/wp\/v2\/pages\/24\" class=\"qtranxs-available-language-link qtranxs-available-language-link-he\" title=\"\u05e2\u05d1\u05e8\u05d9\u05ea\">\u05e2\u05d1\u05e8\u05d9\u05ea<\/a>.<\/p>","protected":false},"excerpt":{"rendered":"<p>Desculpe, este conte\u00fado s\u00f3 est\u00e1 dispon\u00edvel em Ingl\u00eas (Eua), Alem\u00e3o, \u00c1rabe, Franc\u00eas, Japon\u00eas, Espanhol Europeu, Ucraniano, Russo e \u05e2\u05d1\u05e8\u05d9\u05ea.<\/p>\n","protected":false},"author":1,"featured_media":0,"parent":0,"menu_order":0,"comment_status":"closed","ping_status":"closed","template":"home.php","meta":[],"yst_prominent_words":[],"acf":[],"_links":{"self":[{"href":"https:\/\/www.chinashipshop.com\/pt\/wp-json\/wp\/v2\/pages\/24"}],"collection":[{"href":"https:\/\/www.chinashipshop.com\/pt\/wp-json\/wp\/v2\/pages"}],"about":[{"href":"https:\/\/www.chinashipshop.com\/pt\/wp-json\/wp\/v2\/types\/page"}],"author":[{"embeddable":true,"href":"https:\/\/www.chinashipshop.com\/pt\/wp-json\/wp\/v2\/users\/1"}],"replies":[{"embeddable":true,"href":"https:\/\/www.chinashipshop.com\/pt\/wp-json\/wp\/v2\/comments?post=24"}],"version-history":[{"count":81,"href":"https:\/\/www.chinashipshop.com\/pt\/wp-json\/wp\/v2\/pages\/24\/revisions"}],"predecessor-version":[{"id":1022,"href":"https:\/\/www.chinashipshop.com\/pt\/wp-json\/wp\/v2\/pages\/24\/revisions\/1022"}],"wp:attachment":[{"href":"https:\/\/www.chinashipshop.com\/pt\/wp-json\/wp\/v2\/media?parent=24"}],"wp:term":[{"taxonomy":"yst_prominent_words","embeddable":true,"href":"https:\/\/www.chinashipshop.com\/pt\/wp-json\/wp\/v2\/yst_prominent_words?post=24"}],"curies":[{"name":"wp","href":"https:\/\/api.w.org\/{rel}","templated":true}]}}