{"id":123,"date":"2016-05-18T13:45:07","date_gmt":"2016-05-18T13:45:07","guid":{"rendered":"http:\/\/chinashipshop.com\/?page_id=123"},"modified":"2018-12-14T11:54:47","modified_gmt":"2018-12-14T11:54:47","slug":"ship-for-me","status":"publish","type":"page","link":"https:\/\/www.chinashipshop.com\/pt\/ship-for-me\/","title":{"rendered":"Envie para mim"},"content":{"rendered":"<p><strong>Envie para mim<\/strong><\/p>\n<p><strong>Do nosso Armaz\u00e9m na China at\u00e9 a sua porta<\/strong><\/p>\n<p>Envie produtos que voc\u00ea comprou de vendedores e fornecedores para nosso<strong> armaz\u00e9m<\/strong> na China, e n\u00f3s os entregaremos em qualquer lugar \u00e0 sua porta. Se voc\u00ea est\u00e1 comprando de v\u00e1rios vendedores, vamos coletar e combinar todos os seus pacotes em nosso <strong>armaz\u00e9m <\/strong>antes do envio global. Reduzir\u00e1 seu peso de frete cobrado e reduzir\u00e1 seu <strong>custo de transporte i<\/strong>nternacional. Ou se voc\u00ea quiser usar o nosso servi\u00e7o de dropshipping, em que voc\u00ea simplesmente envia suas encomendas para o nosso <strong>armaz\u00e9m<\/strong> e apenas usa nossas instala\u00e7\u00f5es para enviar cada um para diferentes lugares, conforme seu pedido, voc\u00ea simplesmente envia o pedido da sua plataforma<strong> chinashipshop.<\/strong><\/p>\n<p><strong>N\u00f3s cooperamos com grandes empresas de correio internacional para lhe fornecer a melhor taxa.<\/strong><\/p>\n<p>N\u00f3s temos nossos parceiros, como DHL, FedEx, Aramex, UPS, TNT, EMS e outras empresas de correio internacional para entregar suas encomendas com grandes descontos (as taxas que essas empresas fornecem inicialmente aos seus clientes)<\/p>\n<p><strong>Entrega diretamente na sua porta<\/strong><\/p>\n<p>O agente de envio do seu pacote ir\u00e1 entreg\u00e1-lo diretamente na sua porta. Se n\u00e3o houver ningu\u00e9m em casa para receber o pacote, o agente de entrega ir\u00e1 cham\u00e1-lo para refazer a entrega outro dia e continuar\u00e1 a refazer a entrega at\u00e9 que algu\u00e9m a receba. A reentrega ser\u00e1 gratuita. \u00c9 um servi\u00e7o de entrega premium.<\/p>\n<p><strong>Receba seus envios em 4-7 dias \u00fateis<\/strong><\/p>\n<p>O transporte internacional atrav\u00e9s das grandes empresas de correio a\u00e9reo como a DHL, a FedEx, a UPS e a Aramex geralmente demora apenas 4-7 dias \u00fateis. Utilizamos apenas o EMS para itens delicados que podem precisar de cuidados extras no manuseio.<\/p>\n<p><strong>Quanto mais pesado sua remessa, menor ser\u00e1 seu custo por kg<\/strong><\/p>\n<p>Quanto mais pesada a sua remessa, mais baixa a taxa por quilo, ent\u00e3o \u00e9 melhor para voc\u00ea comprar mais itens e envi\u00e1-los para nosso <strong>armaz\u00e9m<\/strong> para consolidar em um \u00fanico pacote para despachar. Quanto mais voc\u00ea enviar, mais benef\u00edcios voc\u00ea receber\u00e1.<\/p>\n<p><strong>Peso real \/ Volume do Peso<\/strong><\/p>\n<p><strong>A empresa de transporte cobrar\u00e1 o peso real e o peso do volume como o padr\u00e3o, o custo de entrega ser\u00e1 cobrado a partir de qual peso mais elevado.<\/strong><\/p>\n<p><strong>Encargos de combust\u00edvel inclu\u00eddos<\/strong><\/p>\n<p>Nossos pre\u00e7os de frete internacional incluem todas as taxas subjacentes, como o combust\u00edvel que as empresas de transporte nos cobram. Ent\u00e3o, a <strong>chinashipshop<\/strong> assume tamb\u00e9m essa cobran\u00e7a de combust\u00edvel e outras taxas relacionadas \u00e0 manipula\u00e7\u00e3o e documenta\u00e7\u00e3o de exporta\u00e7\u00e3o.<\/p>\n<p><strong>Produto sens\u00edvel<\/strong><\/p>\n<p>Os produtos sens\u00edveis s\u00e3o aqueles que precisam de cuidado extra durante o transporte e incluem produtos como l\u00edquidos, produtos alimentares, p\u00f3, cosm\u00e9ticos, baterias, motores e itens feitos de madeira, mas a lista de produtos sens\u00edveis n\u00e3o est\u00e1 limitada aos acima mencionados. Esses itens podem exigir um meio de envio de correio a\u00e9reo especial.<\/p>\n<p><strong>Envios mar\u00edtimos<\/strong><\/p>\n<p>grandes remessas podem ser enviandas em cont\u00eaineres pelo mar.<\/p>\n<p>Para mais detalhes, voc\u00ea pode entrar em <strong>contato<\/strong> atrav\u00e9s do email sales@chinashipshop.com.<\/p>\n<p><strong>Envio de E-Packet<\/strong><\/p>\n<p>O envio de E-Packets ser\u00e1 apenas para grande volume de produtos pequenos para v\u00e1rios endere\u00e7os diferentes. Para mais detalhes, voc\u00ea pode entrar em <strong>contato<\/strong> atrav\u00e9s do email <strong>sales@chinashipshop.com.<\/strong><\/p>","protected":false},"excerpt":{"rendered":"<p>Envie para mim Do nosso Armaz\u00e9m na China at\u00e9 a sua porta Envie produtos que voc\u00ea comprou de vendedores e fornecedores para nosso armaz\u00e9m na China, e n\u00f3s os entregaremos em qualquer lugar \u00e0 sua porta. Se voc\u00ea est\u00e1 comprando de v\u00e1rios vendedores, vamos coletar e combinar todos os seus pacotes em nosso armaz\u00e9m antes [&hellip;]<\/p>\n","protected":false},"author":1,"featured_media":0,"parent":0,"menu_order":0,"comment_status":"closed","ping_status":"closed","template":"","meta":[],"yst_prominent_words":[],"acf":[],"_links":{"self":[{"href":"https:\/\/www.chinashipshop.com\/pt\/wp-json\/wp\/v2\/pages\/123"}],"collection":[{"href":"https:\/\/www.chinashipshop.com\/pt\/wp-json\/wp\/v2\/pages"}],"about":[{"href":"https:\/\/www.chinashipshop.com\/pt\/wp-json\/wp\/v2\/types\/page"}],"author":[{"embeddable":true,"href":"https:\/\/www.chinashipshop.com\/pt\/wp-json\/wp\/v2\/users\/1"}],"replies":[{"embeddable":true,"href":"https:\/\/www.chinashipshop.com\/pt\/wp-json\/wp\/v2\/comments?post=123"}],"version-history":[{"count":37,"href":"https:\/\/www.chinashipshop.com\/pt\/wp-json\/wp\/v2\/pages\/123\/revisions"}],"predecessor-version":[{"id":624,"href":"https:\/\/www.chinashipshop.com\/pt\/wp-json\/wp\/v2\/pages\/123\/revisions\/624"}],"wp:attachment":[{"href":"https:\/\/www.chinashipshop.com\/pt\/wp-json\/wp\/v2\/media?parent=123"}],"wp:term":[{"taxonomy":"yst_prominent_words","embeddable":true,"href":"https:\/\/www.chinashipshop.com\/pt\/wp-json\/wp\/v2\/yst_prominent_words?post=123"}],"curies":[{"name":"wp","href":"https:\/\/api.w.org\/{rel}","templated":true}]}}