{"id":127,"date":"2016-05-18T13:47:38","date_gmt":"2016-05-18T13:47:38","guid":{"rendered":"http:\/\/chinashipshop.com\/?page_id=127"},"modified":"2022-02-25T08:55:44","modified_gmt":"2022-02-25T08:55:44","slug":"my-china-adress","status":"publish","type":"page","link":"https:\/\/www.chinashipshop.com\/fr\/my-china-adress\/","title":{"rendered":"Mon adresse en chine"},"content":{"rendered":"<p><strong>Mon adresse en chine<\/strong><\/p>\n<p>Envoyez votre produit souhait\u00e9 \u00e0 notre entrep\u00f4t de chine ou vous souhaitez les conserver, recharger et combiner vos produits avant de les envoyer \u00e0 l\u2019\u00e9chelon international. Vous n\u2019avez point besoin de payer le service mentionn\u00e9 ci-dessus. Vous pouvez conserver votre produit dans notre entrep\u00f4t et attendre l\u2019apparition d\u2019autres produits pour que nous puissions les combiner, cela r\u00e9duira vos couts de livraison. Alors cr\u00e9er un compte avec nous tout de suite, vous pouvez obtenir votre adresse d\u2019entrep\u00f4t et commencer \u00e0 r\u00e9aliser tous vos achats avec nous.<\/p>\n<p>Notre entrep\u00f4t situ\u00e9<strong> \u00e0 Shenzhen et \u00e0 Guangzhou <\/strong>(dans la province de Guangdong), au sein de cette province et \u00e0 proximit\u00e9 de Hongkong se trouve 50% des fournisseurs, ce qui rend nos services plus rapides et plus pratiques pour la compagnie internationale de transport afin de transmettre les colis \u00e0 exp\u00e9dier \u00e0 l\u2019\u00e9chelle mondiale. Il est \u00e9galement tr\u00e8s rapide pour votre fournisseur d\u2019envoyer des marchandises \u00e0 notre entrep\u00f4t afin que nous puissions l\u2019exp\u00e9dier.<\/p>\n<p>D\u2019une autre part c\u2019est du temps gagn\u00e9 pour les grandes embarcations, car il se trouve pr\u00e8s du port de Shenzhen, le port o\u00f9 la plupart des embarcations embarque depuis vers le monde entier directement. Comme nous obtenons des milliers de colis ici dans notre entrep\u00f4t en chine, vous vous demandez peut \u00eatre comment nous savons que le dit colis vous appartient. C\u2019est ainsi que nous le savons\u00a0:<\/p>\n<p>Lorsque vous cr\u00e9ez un compte avec nous, nous vous fournirons une adresse d\u2019entrep\u00f4t qui contient un code unique pour vous. Vous pouvez donc commencer \u00e0 r\u00e9aliser des achats et fournir cette adresse d\u2019entrep\u00f4t \u00e0 vos fournisseurs. Lorsque nous recevrons votre article achet\u00e9, nous saurons automatiquement qu\u2019il vous appartient et nous l\u2019ajouterons \u00e0 votre compte ChinaShipShop.<\/p>\n<p>D\u00e8s que nous recevrons vos colis dans notre entrep\u00f4t, vous pouvez prendre des mesures pour chaque parcelle dans votre plate-forme de compte, par exemple vous pouvez plus de colis ou les regrouper, puis demandez \u00e0 la compagnie maritime que vous choisissez de les exp\u00e9dier.<\/p>\n<p>Alors qu\u2019est-ce que vous attendez\u00a0!! Cr\u00e9ez votre compte Maintenant\u00a0!<\/p>","protected":false},"excerpt":{"rendered":"<p>Mon adresse en chine Envoyez votre produit souhait\u00e9 \u00e0 notre entrep\u00f4t de chine ou vous souhaitez les conserver, recharger et combiner vos produits avant de les envoyer \u00e0 l\u2019\u00e9chelon international. Vous n\u2019avez point besoin de payer le service mentionn\u00e9 ci-dessus. Vous pouvez conserver votre produit dans notre entrep\u00f4t et attendre l\u2019apparition d\u2019autres produits pour que [&hellip;]<\/p>\n","protected":false},"author":1,"featured_media":0,"parent":0,"menu_order":0,"comment_status":"closed","ping_status":"closed","template":"","meta":[],"yst_prominent_words":[],"acf":[],"_links":{"self":[{"href":"https:\/\/www.chinashipshop.com\/fr\/wp-json\/wp\/v2\/pages\/127"}],"collection":[{"href":"https:\/\/www.chinashipshop.com\/fr\/wp-json\/wp\/v2\/pages"}],"about":[{"href":"https:\/\/www.chinashipshop.com\/fr\/wp-json\/wp\/v2\/types\/page"}],"author":[{"embeddable":true,"href":"https:\/\/www.chinashipshop.com\/fr\/wp-json\/wp\/v2\/users\/1"}],"replies":[{"embeddable":true,"href":"https:\/\/www.chinashipshop.com\/fr\/wp-json\/wp\/v2\/comments?post=127"}],"version-history":[{"count":36,"href":"https:\/\/www.chinashipshop.com\/fr\/wp-json\/wp\/v2\/pages\/127\/revisions"}],"predecessor-version":[{"id":951,"href":"https:\/\/www.chinashipshop.com\/fr\/wp-json\/wp\/v2\/pages\/127\/revisions\/951"}],"wp:attachment":[{"href":"https:\/\/www.chinashipshop.com\/fr\/wp-json\/wp\/v2\/media?parent=127"}],"wp:term":[{"taxonomy":"yst_prominent_words","embeddable":true,"href":"https:\/\/www.chinashipshop.com\/fr\/wp-json\/wp\/v2\/yst_prominent_words?post=127"}],"curies":[{"name":"wp","href":"https:\/\/api.w.org\/{rel}","templated":true}]}}